{"id":24705,"date":"2023-09-12T21:25:29","date_gmt":"2023-09-12T21:25:29","guid":{"rendered":"https:\/\/laundryringsv.com\/?page_id=24705"},"modified":"2023-09-18T20:04:57","modified_gmt":"2023-09-18T20:04:57","slug":"faq","status":"publish","type":"page","link":"https:\/\/laundryringsv.com\/index.php\/faq\/","title":{"rendered":"Faq"},"content":{"rendered":"\t\t<div data-elementor-type=\"wp-page\" data-elementor-id=\"24705\" class=\"elementor elementor-24705\">\n\t\t\t\t\t\t<section class=\"elementor-section elementor-top-section elementor-element elementor-element-19cd7532 elementor-section-boxed elementor-section-height-default elementor-section-height-default\" data-id=\"19cd7532\" data-element_type=\"section\">\n\t\t\t\t\t\t<div class=\"elementor-container elementor-column-gap-default\">\n\t\t\t\t\t<div class=\"elementor-column elementor-col-100 elementor-top-column elementor-element elementor-element-670b29bc\" data-id=\"670b29bc\" data-element_type=\"column\">\n\t\t\t<div class=\"elementor-widget-wrap elementor-element-populated\">\n\t\t\t\t\t\t<div class=\"elementor-element elementor-element-24adc98e elementor-widget elementor-widget-text-editor\" data-id=\"24adc98e\" data-element_type=\"widget\" data-widget_type=\"text-editor.default\">\n\t\t\t\t<div class=\"elementor-widget-container\">\n\t\t\t<style>\/*! elementor - v3.23.0 - 05-08-2024 *\/\n.elementor-widget-text-editor.elementor-drop-cap-view-stacked .elementor-drop-cap{background-color:#69727d;color:#fff}.elementor-widget-text-editor.elementor-drop-cap-view-framed .elementor-drop-cap{color:#69727d;border:3px solid;background-color:transparent}.elementor-widget-text-editor:not(.elementor-drop-cap-view-default) .elementor-drop-cap{margin-top:8px}.elementor-widget-text-editor:not(.elementor-drop-cap-view-default) .elementor-drop-cap-letter{width:1em;height:1em}.elementor-widget-text-editor .elementor-drop-cap{float:left;text-align:center;line-height:1;font-size:50px}.elementor-widget-text-editor .elementor-drop-cap-letter{display:inline-block}<\/style>\t\t\t\t<p><!-- wp:paragraph --><\/p>\n<h6>\u00a0<\/h6>\n<h6>\u00a0<\/h6>\n<h6>LAUNDRY RING<\/h6>\n<h2 style=\"text-align: left;\">FAQs &#8211; LEGAL<\/h2>\n<p>\u00a0<\/p>\n<h5>Garant\u00eda Legal<\/h5>\n<p>Le informamos que, de acuerdo con la normativa aplicable, usted tiene derecho a una garant\u00eda legal que<br \/>responder\u00e1 de las faltas de conformidad que se manifiesten en el plazo seg\u00fan la legislaci\u00f3n vigente desde<br \/>la entrega del producto. Se entiende que el producto es conforme siempre que se ajuste a la descripci\u00f3n<br \/>realizada y posea las cualidades presentadas en esta p\u00e1gina web, siendo apto para el uso y teniendo la<br \/>calidad y prestaciones de acuerdo a su naturaleza.<\/p>\n<h5>Litigios<\/h5>\n<p>Para la resoluci\u00f3n de cualquier problema derivado de la compra de cualquiera de nuestros productos,<br \/>puede contactar con nuestro departamento de Atenci\u00f3n al Cliente a trav\u00e9s de la direcci\u00f3n de correo<br \/>electr\u00f3nico info@laundryringsv.com.<\/p>\n<h5>Derecho legal de desistimiento de la compra<\/h5>\n<p>Si se encuentra realizando una contrataci\u00f3n como consumidor y usuario a trav\u00e9s de nuestra WEB, tiene<br \/>usted derecho a desistir del presente contrato en un plazo de 14 d\u00edas naturales sin necesidad de<br \/>justificaci\u00f3n. El plazo de desistimiento expirar\u00e1 a los 14 d\u00edas naturales del d\u00eda que usted o un tercero por<br \/>usted indicado, distinto del transportista, adquiri\u00f3 la posesi\u00f3n material de los bienes o en caso de que los<br \/>bienes encargados sean entregados por separado se tendr\u00e1 en cuenta el c\u00f3mputo de la devoluci\u00f3n de los<br \/>14 d\u00edas, desde que usted o un tercero por usted indicado, distinto del transportista, adquiri\u00f3 la posesi\u00f3n<br \/>material del \u00faltimo de esos bienes.<br \/>Para ejercer el derecho de desistimiento, deber\u00e1 usted notificarnos a Laundry Ring, a la direcci\u00f3n: Lugar<br \/>Vali\u00f1os n\u00famero 7 en San Vicente de Vigo-Carral 15175 (A Coru\u00f1a) a trav\u00e9s de correo postal, por correo<br \/>electr\u00f3nico a la direcci\u00f3n mail: info@laundryringsv.com<br \/>Vd. Puede hacer uso del Modelo de Formulario de desistimiento que se adjunta al presente, aunque su<br \/>uso no es obligatorio. Siempre respetando y dentro del plazo de devoluci\u00f3n de 14 d\u00edas naturales desde la<br \/>recepci\u00f3n de la compra.<\/p>\n<h5>Consecuencias del desistimiento<\/h5>\n<p>En caso de desistimiento por su parte, le devolveremos todos los pagos recibidos de usted, incluidos los<br \/>gastos de entrega (con la excepci\u00f3n de los gastos adicionales resultantes de la elecci\u00f3n por su parte de<br \/>una modalidad de entrega diferente a la modalidad menos costosa de entrega ordinaria que ofrezcamos)<br \/>sin ninguna demora indebida, y en todo caso, a m\u00e1s tardar 14 d\u00edas naturales a partir de la fecha en la que<br \/>nos informe de su decisi\u00f3n de desistir del presente contrato.<br \/>Procederemos a efectuar dicho reembolso utilizando el mismo medio de pago empleado por usted para<br \/>la transacci\u00f3n inicial, a no ser que haya usted dispuesto expresamente lo contrario; en todo caso, no<br \/>incurrir\u00e1 en ning\u00fan gasto como consecuencia del reembolso.<br \/>Si bien, estamos facultados a retener el reembolso hasta haber recibido los bienes, o hasta que usted<br \/>haya presentado una prueba de la devoluci\u00f3n de los mismos, seg\u00fan qu\u00e9 condici\u00f3n se cumpla primero.<br \/>Deber\u00e1 usted devolvernos o entregarnos directamente los bienes a Laundry RIng, sin ninguna demora<br \/>indebida y, en cualquier caso, a m\u00e1s tardar en el plazo de 14 d\u00edas naturales a partir de la fecha en que nos<br \/>comunique su decisi\u00f3n de desistimiento del contrato. Se considerar\u00e1 cumplido el plazo si efect\u00faa la<br \/>devoluci\u00f3n de los bienes antes de que haya concluido el plazo. La direcci\u00f3n de env\u00edo es:<br \/>Lugar Vali\u00f1os n\u00famero 7, San Vicente de Vigo- Carral 15175 (A Coru\u00f1a).<br \/>Laundry Ring asumir\u00e1 el coste de devoluci\u00f3n de los bienes en la primera devoluci\u00f3n o cambio. Si su<br \/>pedido tiene gastos de transporte, los mismos no ser\u00e1n reembolsados. Sin embargo, los gastos de<br \/>devoluci\u00f3n y cambio son asumidos por Laundry Ring.<br \/>Solo ser\u00e1 usted responsable de la disminuci\u00f3n de valor de los bienes resultante de una manipulaci\u00f3n<br \/>distinta a la necesaria para establecer la naturaleza, las caracter\u00edsticas y el funcionamiento de los bienes.<\/p>\n<p><!-- \/wp:paragraph --><\/p>\t\t\t\t\t\t<\/div>\n\t\t\t\t<\/div>\n\t\t\t\t\t<\/div>\n\t\t<\/div>\n\t\t\t\t\t<\/div>\n\t\t<\/section>\n\t\t\t\t<\/div>\n\t\t","protected":false},"excerpt":{"rendered":"<p>\u00a0 \u00a0 LAUNDRY RING FAQs &#8211; LEGAL \u00a0 Garant\u00eda Legal Le informamos que, de acuerdo con la normativa aplicable, usted tiene derecho a una garant\u00eda legal queresponder\u00e1 de las faltas de conformidad que se manifiesten en el plazo seg\u00fan la legislaci\u00f3n vigente desdela entrega del producto. Se entiende que el producto es conforme siempre que &hellip;<\/p>\n<p class=\"read-more\"> <a class=\"\" href=\"https:\/\/laundryringsv.com\/index.php\/faq\/\"> <span class=\"screen-reader-text\">Faq<\/span> Read More &raquo;<\/a><\/p>\n","protected":false},"author":1,"featured_media":0,"parent":0,"menu_order":0,"comment_status":"closed","ping_status":"closed","template":"","meta":{"site-sidebar-layout":"default","site-content-layout":"default","ast-global-header-display":"","ast-main-header-display":"","ast-hfb-above-header-display":"","ast-hfb-below-header-display":"","ast-hfb-mobile-header-display":"","site-post-title":"","ast-breadcrumbs-content":"","ast-featured-img":"","footer-sml-layout":"","theme-transparent-header-meta":"","adv-header-id-meta":"","stick-header-meta":"","header-above-stick-meta":"","header-main-stick-meta":"","header-below-stick-meta":""},"_links":{"self":[{"href":"https:\/\/laundryringsv.com\/index.php\/wp-json\/wp\/v2\/pages\/24705"}],"collection":[{"href":"https:\/\/laundryringsv.com\/index.php\/wp-json\/wp\/v2\/pages"}],"about":[{"href":"https:\/\/laundryringsv.com\/index.php\/wp-json\/wp\/v2\/types\/page"}],"author":[{"embeddable":true,"href":"https:\/\/laundryringsv.com\/index.php\/wp-json\/wp\/v2\/users\/1"}],"replies":[{"embeddable":true,"href":"https:\/\/laundryringsv.com\/index.php\/wp-json\/wp\/v2\/comments?post=24705"}],"version-history":[{"count":20,"href":"https:\/\/laundryringsv.com\/index.php\/wp-json\/wp\/v2\/pages\/24705\/revisions"}],"predecessor-version":[{"id":24766,"href":"https:\/\/laundryringsv.com\/index.php\/wp-json\/wp\/v2\/pages\/24705\/revisions\/24766"}],"wp:attachment":[{"href":"https:\/\/laundryringsv.com\/index.php\/wp-json\/wp\/v2\/media?parent=24705"}],"curies":[{"name":"wp","href":"https:\/\/api.w.org\/{rel}","templated":true}]}}